{"id":173,"date":"2022-05-25T07:42:22","date_gmt":"2022-05-25T07:42:22","guid":{"rendered":"http:\/\/rifugiobenevolo.com\/pour-nous-rejoindre\/"},"modified":"2022-05-25T13:53:19","modified_gmt":"2022-05-25T13:53:19","slug":"pour-nous-rejoindre","status":"publish","type":"page","link":"https:\/\/rifugiobenevolo.com\/fr\/pour-nous-rejoindre\/","title":{"rendered":"Pour nous rejoindre"},"content":{"rendered":"\t\t<div data-elementor-type=\"wp-page\" data-elementor-id=\"173\" class=\"elementor elementor-173 elementor-43\" data-elementor-post-type=\"page\">\n\t\t\t\t<div class=\"elementor-element elementor-element-2cb1bee e-flex e-con-boxed e-con e-parent\" data-id=\"2cb1bee\" data-element_type=\"container\" data-e-type=\"container\">\n\t\t\t\t\t<div class=\"e-con-inner\">\n\t\t\t\t<div class=\"elementor-element elementor-element-9bf0faf elementor-widget elementor-widget-html\" data-id=\"9bf0faf\" data-element_type=\"widget\" data-e-type=\"widget\" data-widget_type=\"html.default\">\n\t\t\t\t<div class=\"elementor-widget-container\">\n\t\t\t\t\t<iframe src=\"https:\/\/www.google.com\/maps\/embed?pb=!1m10!1m8!1m3!1d6181.1705204660875!2d7.084472!3d45.515639!3m2!1i1024!2i768!4f13.1!5e1!3m2!1sit!2sit!4v1653467606082!5m2!1sit!2sit\" width=\"600\" height=\"450\" style=\"border:0;\" allowfullscreen=\"\" loading=\"lazy\" referrerpolicy=\"no-referrer-when-downgrade\"><\/iframe>\t\t\t\t<\/div>\n\t\t\t\t<\/div>\n\t\t\t\t\t<\/div>\n\t\t\t\t<\/div>\n\t\t<div class=\"elementor-element elementor-element-e1e4a8b e-flex e-con-boxed e-con e-parent\" data-id=\"e1e4a8b\" data-element_type=\"container\" data-e-type=\"container\" data-settings=\"{&quot;background_background&quot;:&quot;classic&quot;}\">\n\t\t\t\t\t<div class=\"e-con-inner\">\n\t\t\t\t<div class=\"elementor-element elementor-element-a95368d elementor-widget elementor-widget-heading\" data-id=\"a95368d\" data-element_type=\"widget\" data-e-type=\"widget\" data-widget_type=\"heading.default\">\n\t\t\t\t<div class=\"elementor-widget-container\">\n\t\t\t\t\t<h2 class=\"elementor-heading-title elementor-size-default\">POUR NOUS REJOINDRE<\/h2>\t\t\t\t<\/div>\n\t\t\t\t<\/div>\n\t\t\t\t<div class=\"elementor-element elementor-element-df37a32 elementor-widget elementor-widget-text-editor\" data-id=\"df37a32\" data-element_type=\"widget\" data-e-type=\"widget\" data-widget_type=\"text-editor.default\">\n\t\t\t\t<div class=\"elementor-widget-container\">\n\t\t\t\t\t\t\t\t\tA partir d\u2019Aoste suivre la route nationale 26 en direction de Courmayeur jusqu\u2019\u00e0 Villeneuve, \u00e0 la sortie de Villeneuve prendre la route r\u00e9gionale 24 en direction d\u2019Introd, ensuite suivre direction Rh\u00eames Notre Dame et continuer jusqu\u2019au fond de la vall\u00e9e \u00e0 Thumel.\r\n\r\nDu Tunnel du Mont blanc ou de Courmayeur, suivre la route nationale 26 en direction de Aoste jusqu&rsquo;\u00e0 Villeneuve, avant du village de Villeneuve prendre la route r\u00e9gionale 24 en direction d\u2019Introd, ensuite suivre direction Rh\u00eames Notre Dame et continuer jusqu\u2019au fond de la vall\u00e9e \u00e0 Thumel\r\n\r\nLaisser votre voiture sur le parking, dont une partie en \u00e9t\u00e9 est payante.\r\n\r\nVous rejoindrez le refuge Benevolo, apr\u00e8s 1H30 de marche environ.\t\t\t\t\t\t\t\t<\/div>\n\t\t\t\t<\/div>\n\t\t\t\t\t<\/div>\n\t\t\t\t<\/div>\n\t\t\t\t<\/div>\n\t\t","protected":false},"excerpt":{"rendered":"<p>POUR NOUS REJOINDRE A partir d\u2019Aoste suivre la route nationale 26 en direction de Courmayeur jusqu\u2019\u00e0 Villeneuve, \u00e0 la sortie de Villeneuve prendre la route r\u00e9gionale 24 en direction d\u2019Introd, ensuite suivre direction Rh\u00eames Notre Dame et continuer jusqu\u2019au fond de la vall\u00e9e \u00e0 Thumel. Du Tunnel du Mont blanc ou de Courmayeur, suivre la [&hellip;]<\/p>\n","protected":false},"author":1,"featured_media":0,"parent":0,"menu_order":0,"comment_status":"closed","ping_status":"closed","template":"","meta":{"footnotes":""},"class_list":["post-173","page","type-page","status-publish","hentry"],"_links":{"self":[{"href":"https:\/\/rifugiobenevolo.com\/fr\/wp-json\/wp\/v2\/pages\/173","targetHints":{"allow":["GET"]}}],"collection":[{"href":"https:\/\/rifugiobenevolo.com\/fr\/wp-json\/wp\/v2\/pages"}],"about":[{"href":"https:\/\/rifugiobenevolo.com\/fr\/wp-json\/wp\/v2\/types\/page"}],"author":[{"embeddable":true,"href":"https:\/\/rifugiobenevolo.com\/fr\/wp-json\/wp\/v2\/users\/1"}],"replies":[{"embeddable":true,"href":"https:\/\/rifugiobenevolo.com\/fr\/wp-json\/wp\/v2\/comments?post=173"}],"version-history":[{"count":1,"href":"https:\/\/rifugiobenevolo.com\/fr\/wp-json\/wp\/v2\/pages\/173\/revisions"}],"predecessor-version":[{"id":174,"href":"https:\/\/rifugiobenevolo.com\/fr\/wp-json\/wp\/v2\/pages\/173\/revisions\/174"}],"wp:attachment":[{"href":"https:\/\/rifugiobenevolo.com\/fr\/wp-json\/wp\/v2\/media?parent=173"}],"curies":[{"name":"wp","href":"https:\/\/api.w.org\/{rel}","templated":true}]}}