{"id":161,"date":"2022-05-25T07:01:28","date_gmt":"2022-05-25T07:01:28","guid":{"rendered":"http:\/\/rifugiobenevolo.com\/home\/"},"modified":"2026-01-02T17:17:47","modified_gmt":"2026-01-02T17:17:47","slug":"home","status":"publish","type":"page","link":"https:\/\/rifugiobenevolo.com\/fr\/","title":{"rendered":"Home"},"content":{"rendered":"\t\t<div data-elementor-type=\"wp-page\" data-elementor-id=\"161\" class=\"elementor elementor-161 elementor-9\" data-elementor-post-type=\"page\">\n\t\t\t\t<div class=\"elementor-element elementor-element-a53adc9 e-flex e-con-boxed e-con e-parent\" data-id=\"a53adc9\" data-element_type=\"container\" data-e-type=\"container\" data-settings=\"{&quot;background_background&quot;:&quot;slideshow&quot;,&quot;background_slideshow_gallery&quot;:[{&quot;id&quot;:123,&quot;url&quot;:&quot;http:\\\/\\\/rifugiobenevolo.com\\\/wp-content\\\/uploads\\\/2022\\\/05\\\/rifugio_benevolo_rhemes-notre-dame-valle-d-aosta-02.jpg&quot;},{&quot;id&quot;:132,&quot;url&quot;:&quot;http:\\\/\\\/rifugiobenevolo.com\\\/wp-content\\\/uploads\\\/2022\\\/05\\\/rifugio-benevolo-rhemes-notre-dame-gran-paradiso-valle-d-aosta-inverno_02.jpg&quot;},{&quot;id&quot;:129,&quot;url&quot;:&quot;http:\\\/\\\/rifugiobenevolo.com\\\/wp-content\\\/uploads\\\/2022\\\/05\\\/rifugio_benevolo_rhemes-notre-dame-valle-d-aosta-04.jpg&quot;},{&quot;id&quot;:126,&quot;url&quot;:&quot;http:\\\/\\\/rifugiobenevolo.com\\\/wp-content\\\/uploads\\\/2022\\\/05\\\/rifugio_benevolo_rhemes-notre-dame-valle-d-aosta-03.jpg&quot;},{&quot;id&quot;:135,&quot;url&quot;:&quot;http:\\\/\\\/rifugiobenevolo.com\\\/wp-content\\\/uploads\\\/2022\\\/05\\\/rifugio-benevolo-rhemes-notre-dame-gran-paradiso-valle-d-aosta-inverno-01.jpg&quot;}],&quot;background_slideshow_loop&quot;:&quot;yes&quot;,&quot;background_slideshow_slide_duration&quot;:5000,&quot;background_slideshow_slide_transition&quot;:&quot;fade&quot;,&quot;background_slideshow_transition_duration&quot;:500}\">\n\t\t\t\t\t<div class=\"e-con-inner\">\n\t\t\t\t\t<\/div>\n\t\t\t\t<\/div>\n\t\t<div class=\"elementor-element elementor-element-bd905df e-flex e-con-boxed e-con e-parent\" data-id=\"bd905df\" data-element_type=\"container\" data-e-type=\"container\" data-settings=\"{&quot;background_background&quot;:&quot;classic&quot;}\">\n\t\t\t\t\t<div class=\"e-con-inner\">\n\t\t\t\t<div class=\"elementor-element elementor-element-eb2a36b elementor-widget elementor-widget-heading\" data-id=\"eb2a36b\" data-element_type=\"widget\" data-e-type=\"widget\" data-widget_type=\"heading.default\">\n\t\t\t\t<div class=\"elementor-widget-container\">\n\t\t\t\t\t<h2 class=\"elementor-heading-title elementor-size-default\">HOME<\/h2>\t\t\t\t<\/div>\n\t\t\t\t<\/div>\n\t\t\t\t<div class=\"elementor-element elementor-element-f850518 elementor-widget elementor-widget-text-editor\" data-id=\"f850518\" data-element_type=\"widget\" data-e-type=\"widget\" data-widget_type=\"text-editor.default\">\n\t\t\t\t<div class=\"elementor-widget-container\">\n\t\t\t\t\t\t\t\t\t<p>Le refuge Gian Federico BENEVOLO est situ\u00e9 au fond de la vall\u00e9e de Rh\u00eames notre Dame \u00e0 la limite du Parc National du Grand Paradis.<\/p>\n<p>L\u2019endroit o\u00f9 le refuge est b\u00e2ti vous surprendra \u00e0 chaque saison gr\u00e2ce \u00e0 la diversit\u00e9 du paysage et \u00e0 la grande vari\u00e9t\u00e9 d\u2019excursions possibles.<\/p>\n<p>Sa localisation permet de faire des belles promenades: en \u00e9t\u00e9, \u00e0 la d\u00e9couverte, de vues magnifiques sur les montagnes, des cascades, des prairies en fleur et des marmottes qui se dorent au soleil. Au printemps, le vaste choix de parcours \u00e0 ski de randonn\u00e9e rend la position de ce refuge strat\u00e9gique, car il se situe dans l\u2019une des zones les plus int\u00e9ressantes des Alpes pour pratiquer ce sport.<\/p>\n<p>P\u00e9riodes d\u2019ouvertures:<\/p><p><span style=\"font-weight: bolder;\">OUVERTURE PRIMPTEMP<\/span>&nbsp;<span style=\"font-weight: bolder;\">2026<\/span>: 27\/02 \u2013 10\/05<\/p>\n<p><strong>OUVERTURE ESTIVALE<\/strong> <strong>2026<\/strong>: 18\/06 \u2013 20\/09<\/p>\t\t\t\t\t\t\t\t<\/div>\n\t\t\t\t<\/div>\n\t\t\t\t<div class=\"elementor-element elementor-element-753903f elementor-widget elementor-widget-heading\" data-id=\"753903f\" data-element_type=\"widget\" data-e-type=\"widget\" data-widget_type=\"heading.default\">\n\t\t\t\t<div class=\"elementor-widget-container\">\n\t\t\t\t\t<h2 class=\"elementor-heading-title elementor-size-default\">WEBCAM<\/h2>\t\t\t\t<\/div>\n\t\t\t\t<\/div>\n\t\t\t\t<div class=\"elementor-element elementor-element-cade74d elementor-widget elementor-widget-html\" data-id=\"cade74d\" data-element_type=\"widget\" data-e-type=\"widget\" data-widget_type=\"html.default\">\n\t\t\t\t<div class=\"elementor-widget-container\">\n\t\t\t\t\t<a href=\"https:\/\/live.panoramica.it\/valledaosta\/rifugio-benevolo\/\" target=\"_black\"><img decoding=\"async\" src=\"https:\/\/live.panoramica.it\/cam\/rifugio-benevolo\/out.jpg\" style=\"width:100%\"><\/a>\t\t\t\t<\/div>\n\t\t\t\t<\/div>\n\t\t\t\t\t<\/div>\n\t\t\t\t<\/div>\n\t\t\t\t<\/div>\n\t\t","protected":false},"excerpt":{"rendered":"<p>HOME Le refuge Gian Federico BENEVOLO est situ\u00e9 au fond de la vall\u00e9e de Rh\u00eames notre Dame \u00e0 la limite du Parc National du Grand Paradis. L\u2019endroit o\u00f9 le refuge est b\u00e2ti vous surprendra \u00e0 chaque saison gr\u00e2ce \u00e0 la diversit\u00e9 du paysage et \u00e0 la grande vari\u00e9t\u00e9 d\u2019excursions possibles. Sa localisation permet de faire [&hellip;]<\/p>\n","protected":false},"author":1,"featured_media":0,"parent":0,"menu_order":0,"comment_status":"closed","ping_status":"closed","template":"","meta":{"footnotes":""},"class_list":["post-161","page","type-page","status-publish","hentry"],"_links":{"self":[{"href":"https:\/\/rifugiobenevolo.com\/fr\/wp-json\/wp\/v2\/pages\/161","targetHints":{"allow":["GET"]}}],"collection":[{"href":"https:\/\/rifugiobenevolo.com\/fr\/wp-json\/wp\/v2\/pages"}],"about":[{"href":"https:\/\/rifugiobenevolo.com\/fr\/wp-json\/wp\/v2\/types\/page"}],"author":[{"embeddable":true,"href":"https:\/\/rifugiobenevolo.com\/fr\/wp-json\/wp\/v2\/users\/1"}],"replies":[{"embeddable":true,"href":"https:\/\/rifugiobenevolo.com\/fr\/wp-json\/wp\/v2\/comments?post=161"}],"version-history":[{"count":35,"href":"https:\/\/rifugiobenevolo.com\/fr\/wp-json\/wp\/v2\/pages\/161\/revisions"}],"predecessor-version":[{"id":593,"href":"https:\/\/rifugiobenevolo.com\/fr\/wp-json\/wp\/v2\/pages\/161\/revisions\/593"}],"wp:attachment":[{"href":"https:\/\/rifugiobenevolo.com\/fr\/wp-json\/wp\/v2\/media?parent=161"}],"curies":[{"name":"wp","href":"https:\/\/api.w.org\/{rel}","templated":true}]}}