{"id":185,"date":"2022-05-25T07:01:28","date_gmt":"2022-05-25T07:01:28","guid":{"rendered":"http:\/\/rifugiobenevolo.com\/home\/"},"modified":"2026-01-02T17:21:41","modified_gmt":"2026-01-02T17:21:41","slug":"home","status":"publish","type":"page","link":"https:\/\/rifugiobenevolo.com\/de\/","title":{"rendered":"Home"},"content":{"rendered":"\t\t<div data-elementor-type=\"wp-page\" data-elementor-id=\"185\" class=\"elementor elementor-185 elementor-9\" data-elementor-post-type=\"page\">\n\t\t\t\t<div class=\"elementor-element elementor-element-a53adc9 e-flex e-con-boxed e-con e-parent\" data-id=\"a53adc9\" data-element_type=\"container\" data-e-type=\"container\" data-settings=\"{&quot;background_background&quot;:&quot;slideshow&quot;,&quot;background_slideshow_gallery&quot;:[{&quot;id&quot;:124,&quot;url&quot;:&quot;http:\\\/\\\/rifugiobenevolo.com\\\/wp-content\\\/uploads\\\/2022\\\/05\\\/rifugio_benevolo_rhemes-notre-dame-valle-d-aosta-02.jpg&quot;},{&quot;id&quot;:133,&quot;url&quot;:&quot;http:\\\/\\\/rifugiobenevolo.com\\\/wp-content\\\/uploads\\\/2022\\\/05\\\/rifugio-benevolo-rhemes-notre-dame-gran-paradiso-valle-d-aosta-inverno_02.jpg&quot;},{&quot;id&quot;:130,&quot;url&quot;:&quot;http:\\\/\\\/rifugiobenevolo.com\\\/wp-content\\\/uploads\\\/2022\\\/05\\\/rifugio_benevolo_rhemes-notre-dame-valle-d-aosta-04.jpg&quot;},{&quot;id&quot;:127,&quot;url&quot;:&quot;http:\\\/\\\/rifugiobenevolo.com\\\/wp-content\\\/uploads\\\/2022\\\/05\\\/rifugio_benevolo_rhemes-notre-dame-valle-d-aosta-03.jpg&quot;},{&quot;id&quot;:136,&quot;url&quot;:&quot;http:\\\/\\\/rifugiobenevolo.com\\\/wp-content\\\/uploads\\\/2022\\\/05\\\/rifugio-benevolo-rhemes-notre-dame-gran-paradiso-valle-d-aosta-inverno-01.jpg&quot;}],&quot;background_slideshow_loop&quot;:&quot;yes&quot;,&quot;background_slideshow_slide_duration&quot;:5000,&quot;background_slideshow_slide_transition&quot;:&quot;fade&quot;,&quot;background_slideshow_transition_duration&quot;:500}\">\n\t\t\t\t\t<div class=\"e-con-inner\">\n\t\t\t\t\t<\/div>\n\t\t\t\t<\/div>\n\t\t<div class=\"elementor-element elementor-element-bd905df e-flex e-con-boxed e-con e-parent\" data-id=\"bd905df\" data-element_type=\"container\" data-e-type=\"container\" data-settings=\"{&quot;background_background&quot;:&quot;classic&quot;}\">\n\t\t\t\t\t<div class=\"e-con-inner\">\n\t\t\t\t<div class=\"elementor-element elementor-element-eb2a36b elementor-widget elementor-widget-heading\" data-id=\"eb2a36b\" data-element_type=\"widget\" data-e-type=\"widget\" data-widget_type=\"heading.default\">\n\t\t\t\t<div class=\"elementor-widget-container\">\n\t\t\t\t\t<h2 class=\"elementor-heading-title elementor-size-default\">HOME<\/h2>\t\t\t\t<\/div>\n\t\t\t\t<\/div>\n\t\t\t\t<div class=\"elementor-element elementor-element-753903f elementor-widget elementor-widget-heading\" data-id=\"753903f\" data-element_type=\"widget\" data-e-type=\"widget\" data-widget_type=\"heading.default\">\n\t\t\t\t<div class=\"elementor-widget-container\">\n\t\t\t\t\t<h2 class=\"elementor-heading-title elementor-size-default\">WEBCAM<\/h2>\t\t\t\t<\/div>\n\t\t\t\t<\/div>\n\t\t\t\t<div class=\"elementor-element elementor-element-cade74d elementor-widget elementor-widget-html\" data-id=\"cade74d\" data-element_type=\"widget\" data-e-type=\"widget\" data-widget_type=\"html.default\">\n\t\t\t\t<div class=\"elementor-widget-container\">\n\t\t\t\t\t<a href=\"https:\/\/live.panoramica.it\/valledaosta\/rifugio-benevolo\/\" target=\"_black\"><img decoding=\"async\" src=\"https:\/\/live.panoramica.it\/cam\/rifugio-benevolo\/out.jpg\" style=\"width:100%\"><\/a>\t\t\t\t<\/div>\n\t\t\t\t<\/div>\n\t\t\t\t<div class=\"elementor-element elementor-element-f850518 elementor-widget elementor-widget-text-editor\" data-id=\"f850518\" data-element_type=\"widget\" data-e-type=\"widget\" data-widget_type=\"text-editor.default\">\n\t\t\t\t<div class=\"elementor-widget-container\">\n\t\t\t\t\t\t\t\t\t<p>Die Gian Federico Benevolo H\u00fctte liegt oberhalb des Rhemes-Notre-Dame Tals und grenzt an den Nationalpark des Gran Paradiso.<\/p>\n<p>Die Landschaft \u00fcberrascht in jeder Jahreszeit und das Angebot der Wanderm\u00f6glichkeiten ist vielf\u00e4ltig.<br>Die strategisch gute Lage macht die H\u00fctte im Sommer zu einem idealen Ausgangspunkt f\u00fcr Wanderungen. Man kommt an beeindruckenden Wasserf\u00e4llen vorbei und kann blumenreiche Wiesen mit Murmeltieren bewundern.<br>Im Fr\u00fchling ist die Gegend mit ihrem gro\u00dfen Angebot an Skitouren, eine der Interessantesten in den Alpen.<\/p>\n<p><span style=\"font-weight: bolder;\">\u00d6ffnungszeiten im FRULING 2026:<\/span>&nbsp;27\/02 \u2013 10\/09<strong><\/strong><\/p><p><strong>\u00d6ffnungszeiten im SOMMER 2026:<\/strong> 18\/06 \u2013 20\/09<\/p>\t\t\t\t\t\t\t\t<\/div>\n\t\t\t\t<\/div>\n\t\t\t\t\t<\/div>\n\t\t\t\t<\/div>\n\t\t\t\t<\/div>\n\t\t","protected":false},"excerpt":{"rendered":"<p>HOME WEBCAM Die Gian Federico Benevolo H\u00fctte liegt oberhalb des Rhemes-Notre-Dame Tals und grenzt an den Nationalpark des Gran Paradiso. Die Landschaft \u00fcberrascht in jeder Jahreszeit und das Angebot der Wanderm\u00f6glichkeiten ist vielf\u00e4ltig.Die strategisch gute Lage macht die H\u00fctte im Sommer zu einem idealen Ausgangspunkt f\u00fcr Wanderungen. Man kommt an beeindruckenden Wasserf\u00e4llen vorbei und kann [&hellip;]<\/p>\n","protected":false},"author":1,"featured_media":0,"parent":0,"menu_order":0,"comment_status":"closed","ping_status":"closed","template":"","meta":{"footnotes":""},"class_list":["post-185","page","type-page","status-publish","hentry"],"_links":{"self":[{"href":"https:\/\/rifugiobenevolo.com\/de\/wp-json\/wp\/v2\/pages\/185","targetHints":{"allow":["GET"]}}],"collection":[{"href":"https:\/\/rifugiobenevolo.com\/de\/wp-json\/wp\/v2\/pages"}],"about":[{"href":"https:\/\/rifugiobenevolo.com\/de\/wp-json\/wp\/v2\/types\/page"}],"author":[{"embeddable":true,"href":"https:\/\/rifugiobenevolo.com\/de\/wp-json\/wp\/v2\/users\/1"}],"replies":[{"embeddable":true,"href":"https:\/\/rifugiobenevolo.com\/de\/wp-json\/wp\/v2\/comments?post=185"}],"version-history":[{"count":29,"href":"https:\/\/rifugiobenevolo.com\/de\/wp-json\/wp\/v2\/pages\/185\/revisions"}],"predecessor-version":[{"id":596,"href":"https:\/\/rifugiobenevolo.com\/de\/wp-json\/wp\/v2\/pages\/185\/revisions\/596"}],"wp:attachment":[{"href":"https:\/\/rifugiobenevolo.com\/de\/wp-json\/wp\/v2\/media?parent=185"}],"curies":[{"name":"wp","href":"https:\/\/api.w.org\/{rel}","templated":true}]}}