{"id":179,"date":"2022-05-25T07:40:53","date_gmt":"2022-05-25T07:40:53","guid":{"rendered":"http:\/\/rifugiobenevolo.com\/die-huette\/"},"modified":"2022-05-25T13:59:03","modified_gmt":"2022-05-25T13:59:03","slug":"die-huette","status":"publish","type":"page","link":"https:\/\/rifugiobenevolo.com\/de\/die-huette\/","title":{"rendered":"Die H\u00fctte"},"content":{"rendered":"\t\t<div data-elementor-type=\"wp-page\" data-elementor-id=\"179\" class=\"elementor elementor-179 elementor-31\" data-elementor-post-type=\"page\">\n\t\t\t\t<div class=\"elementor-element elementor-element-2dc3c36 e-flex e-con-boxed e-con e-parent\" data-id=\"2dc3c36\" data-element_type=\"container\" data-e-type=\"container\" data-settings=\"{&quot;background_background&quot;:&quot;slideshow&quot;,&quot;background_slideshow_gallery&quot;:[{&quot;id&quot;:59,&quot;url&quot;:&quot;http:\\\/\\\/rifugiobenevolo.com\\\/wp-content\\\/uploads\\\/2022\\\/05\\\/rifugio_benevolo_rhemes-notre-dame-valle-d-aosta-02.jpg&quot;},{&quot;id&quot;:62,&quot;url&quot;:&quot;http:\\\/\\\/rifugiobenevolo.com\\\/wp-content\\\/uploads\\\/2022\\\/05\\\/rifugio-benevolo-rhemes-notre-dame-gran-paradiso-valle-d-aosta-inverno_02.jpg&quot;},{&quot;id&quot;:61,&quot;url&quot;:&quot;http:\\\/\\\/rifugiobenevolo.com\\\/wp-content\\\/uploads\\\/2022\\\/05\\\/rifugio_benevolo_rhemes-notre-dame-valle-d-aosta-04.jpg&quot;},{&quot;id&quot;:60,&quot;url&quot;:&quot;http:\\\/\\\/rifugiobenevolo.com\\\/wp-content\\\/uploads\\\/2022\\\/05\\\/rifugio_benevolo_rhemes-notre-dame-valle-d-aosta-03.jpg&quot;},{&quot;id&quot;:63,&quot;url&quot;:&quot;http:\\\/\\\/rifugiobenevolo.com\\\/wp-content\\\/uploads\\\/2022\\\/05\\\/rifugio-benevolo-rhemes-notre-dame-gran-paradiso-valle-d-aosta-inverno-01.jpg&quot;}],&quot;background_slideshow_loop&quot;:&quot;yes&quot;,&quot;background_slideshow_slide_duration&quot;:5000,&quot;background_slideshow_slide_transition&quot;:&quot;fade&quot;,&quot;background_slideshow_transition_duration&quot;:500}\">\n\t\t\t\t\t<div class=\"e-con-inner\">\n\t\t\t\t\t<\/div>\n\t\t\t\t<\/div>\n\t\t<div class=\"elementor-element elementor-element-96e4c8b e-flex e-con-boxed e-con e-parent\" data-id=\"96e4c8b\" data-element_type=\"container\" data-e-type=\"container\" data-settings=\"{&quot;background_background&quot;:&quot;classic&quot;}\">\n\t\t\t\t\t<div class=\"e-con-inner\">\n\t\t\t\t<div class=\"elementor-element elementor-element-1c7786d elementor-widget elementor-widget-heading\" data-id=\"1c7786d\" data-element_type=\"widget\" data-e-type=\"widget\" data-widget_type=\"heading.default\">\n\t\t\t\t<div class=\"elementor-widget-container\">\n\t\t\t\t\t<h2 class=\"elementor-heading-title elementor-size-default\">DIE H\u00dcTTE<\/h2>\t\t\t\t<\/div>\n\t\t\t\t<\/div>\n\t\t\t\t<div class=\"elementor-element elementor-element-d1ea68b elementor-widget elementor-widget-text-editor\" data-id=\"d1ea68b\" data-element_type=\"widget\" data-e-type=\"widget\" data-widget_type=\"text-editor.default\">\n\t\t\t\t<div class=\"elementor-widget-container\">\n\t\t\t\t\t\t\t\t\tDie H\u00fctte wurde 1930 eingeweiht und vom italienischen Alpenverein CAI Turin im Gedenken an Gian Federico Benevolo, einem 1927 auf dem Bionassay-Pass (Mont Blanc) verstorbenen Bergsteiger, errichtet.\r\n\r\nW\u00e4hrend des Zweiten Weltkrieges wurde sie von Nazitruppen schwer besch\u00e4digt.\r\n\r\nIn den zwanziger Jahren wurde die H\u00fctte als Unterkunft f\u00fcr Bergsteiger konzipiert und ist deshalb mit kleinen Zimmern und Gemeinschaftsr\u00e4umen ausgestattet, die typisch sind f\u00fcr ein historisches Geb\u00e4ude, in dem das enge Zusammenleben der G\u00e4ste Alltag ist. Umweltbewusstsein und Nachhaltigkeit werden gro\u00df geschrieben und binden die H\u00fctte gut in die Welt des Hochgebirges ein.\r\n\r\n2012 wechselten die Besitzer und 2013 begannen die Umbauten bei denen Toiletten und ein Duschraum mit M\u00fcnzduschen eingebaut wurden. Weitere Renovierungsarbeiten werden w\u00e4hrend der Schlie\u00dfung vorgenommen, damit den G\u00e4sten Unannehmlichkeiten erspart bleiben.\t\t\t\t\t\t\t\t<\/div>\n\t\t\t\t<\/div>\n\t\t\t\t\t<\/div>\n\t\t\t\t<\/div>\n\t\t\t\t<\/div>\n\t\t","protected":false},"excerpt":{"rendered":"<p>DIE H\u00dcTTE Die H\u00fctte wurde 1930 eingeweiht und vom italienischen Alpenverein CAI Turin im Gedenken an Gian Federico Benevolo, einem 1927 auf dem Bionassay-Pass (Mont Blanc) verstorbenen Bergsteiger, errichtet. W\u00e4hrend des Zweiten Weltkrieges wurde sie von Nazitruppen schwer besch\u00e4digt. In den zwanziger Jahren wurde die H\u00fctte als Unterkunft f\u00fcr Bergsteiger konzipiert und ist deshalb mit [&hellip;]<\/p>\n","protected":false},"author":1,"featured_media":0,"parent":0,"menu_order":0,"comment_status":"closed","ping_status":"closed","template":"","meta":{"footnotes":""},"class_list":["post-179","page","type-page","status-publish","hentry"],"_links":{"self":[{"href":"https:\/\/rifugiobenevolo.com\/de\/wp-json\/wp\/v2\/pages\/179","targetHints":{"allow":["GET"]}}],"collection":[{"href":"https:\/\/rifugiobenevolo.com\/de\/wp-json\/wp\/v2\/pages"}],"about":[{"href":"https:\/\/rifugiobenevolo.com\/de\/wp-json\/wp\/v2\/types\/page"}],"author":[{"embeddable":true,"href":"https:\/\/rifugiobenevolo.com\/de\/wp-json\/wp\/v2\/users\/1"}],"replies":[{"embeddable":true,"href":"https:\/\/rifugiobenevolo.com\/de\/wp-json\/wp\/v2\/comments?post=179"}],"version-history":[{"count":1,"href":"https:\/\/rifugiobenevolo.com\/de\/wp-json\/wp\/v2\/pages\/179\/revisions"}],"predecessor-version":[{"id":180,"href":"https:\/\/rifugiobenevolo.com\/de\/wp-json\/wp\/v2\/pages\/179\/revisions\/180"}],"wp:attachment":[{"href":"https:\/\/rifugiobenevolo.com\/de\/wp-json\/wp\/v2\/media?parent=179"}],"curies":[{"name":"wp","href":"https:\/\/api.w.org\/{rel}","templated":true}]}}